{"id":4148,"date":"2024-09-07T10:39:08","date_gmt":"2024-09-07T14:39:08","guid":{"rendered":"https:\/\/familleslussier.com\/?page_id=4148"},"modified":"2024-11-03T19:16:35","modified_gmt":"2024-11-04T00:16:35","slug":"members-only","status":"publish","type":"page","link":"https:\/\/familleslussier.com\/en\/members-only\/","title":{"rendered":"Members only"},"content":{"rendered":"<p>[et_pb_section fb_built=&#8221;1&#8243; _builder_version=&#8221;4.27.0&#8243; _module_preset=&#8221;default&#8221; background_color=&#8221;#F8F8F8&#8243; background_image=&#8221;https:\/\/familleslussier.com\/wp-content\/uploads\/2023\/06\/vector-tree-with-root26.jpg&#8221; background_size=&#8221;contain&#8221; background_position=&#8221;top_center&#8221; background_vertical_offset=&#8221;44%&#8221; custom_padding=&#8221;||8px|||&#8221; locked=&#8221;off&#8221; global_colors_info=&#8221;{}&#8221;][et_pb_row _builder_version=&#8221;4.20.4&#8243; _module_preset=&#8221;default&#8221; custom_padding=&#8221;0px||||false|false&#8221; global_colors_info=&#8221;{}&#8221;][et_pb_column type=&#8221;4_4&#8243; _builder_version=&#8221;4.20.4&#8243; _module_preset=&#8221;default&#8221; global_colors_info=&#8221;{}&#8221;][et_pb_image src=&#8221;https:\/\/familleslussier.com\/wp-content\/uploads\/2023\/04\/lussier-lucier-lhuissier-recul-logo-asso-300&#215;182.png&#8221; title_text=&#8221;Lussier-Lucier-L&apos;Huissier-recul-logo-asso&#8221; align=&#8221;center&#8221; _builder_version=&#8221;4.20.4&#8243; _module_preset=&#8221;default&#8221; background_color=&#8221;RGBA(255,255,255,0)&#8221; custom_margin=&#8221;||-1px|||&#8221; global_colors_info=&#8221;{}&#8221;][\/et_pb_image][\/et_pb_column][\/et_pb_row][et_pb_row _builder_version=&#8221;4.21.0&#8243; _module_preset=&#8221;default&#8221; background_enable_image=&#8221;off&#8221; background_size=&#8221;initial&#8221; background_position=&#8221;bottom_right&#8221; background_horizontal_offset=&#8221;6%&#8221; background_vertical_offset=&#8221;12%&#8221; background_blend=&#8221;luminosity&#8221; global_colors_info=&#8221;{}&#8221;][et_pb_column type=&#8221;4_4&#8243; _builder_version=&#8221;4.20.2&#8243; _module_preset=&#8221;default&#8221; global_colors_info=&#8221;{}&#8221;][et_pb_text _builder_version=&#8221;4.27.0&#8243; _module_preset=&#8221;default&#8221; header_text_align=&#8221;center&#8221; header_font_size=&#8221;45px&#8221; header_line_height=&#8221;1.4em&#8221; header_2_font=&#8221;|600|||||||&#8221; header_2_text_align=&#8221;center&#8221; text_orientation=&#8221;center&#8221; custom_margin=&#8221;-1px|||||&#8221; global_colors_info=&#8221;{}&#8221;]<\/p>\n<h2>Members only section<\/h2>\n<p>&nbsp;<\/p>\n<p>[\/et_pb_text][\/et_pb_column][\/et_pb_row][\/et_pb_section][et_pb_section fb_built=&#8221;1&#8243; _builder_version=&#8221;4.27.0&#8243; _module_preset=&#8221;default&#8221; background_color=&#8221;#F8F8F8&#8243; background_image=&#8221;https:\/\/familleslussier.com\/wp-content\/uploads\/2024\/04\/entete-bulletins.png&#8221; background_size=&#8221;initial&#8221; background_position=&#8221;top_right&#8221; wpt_cr_restrict_content=&#8221;on&#8221; wpt_cr_access_denied_text=&#8221;<\/p>\n<p style=%22text-align: center;%22>Le contenu de cette section est r\u00e9serv\u00e9e aux membres.<\/p>\n<h3 style=%22text-align: center;%22>Version num\u00e9rique des bulletins de l&#8217;association : Le Parisien Vol.1 no 1 et no 2.<\/h3>\n<h3 style=%22text-align: center;%22>Tableaux des cinq premi\u00e8res g\u00e9n\u00e9rations de Lussier au Canada<\/h3>\n<p>&#8221; border_width_top=&#8221;1px&#8221; border_width_bottom=&#8221;1px&#8221; global_colors_info=&#8221;{}&#8221;][et_pb_row column_structure=&#8221;1_4,1_4,1_4,1_4&#8243; use_custom_gutter=&#8221;on&#8221; _builder_version=&#8221;4.27.2&#8243; _module_preset=&#8221;default&#8221; background_color=&#8221;RGBA(255,255,255,0)&#8221; background_enable_image=&#8221;off&#8221; background_size=&#8221;initial&#8221; background_position=&#8221;top_right&#8221; custom_margin=&#8221;-1px|||||&#8221; custom_padding=&#8221;87px|||||&#8221; border_style_all=&#8221;none&#8221; global_colors_info=&#8221;{}&#8221;][et_pb_column type=&#8221;1_4&#8243; _builder_version=&#8221;4.27.0&#8243; _module_preset=&#8221;default&#8221; custom_padding=&#8221;|33px||33px|false|false&#8221; global_colors_info=&#8221;{}&#8221;][et_pb_image src=&#8221;https:\/\/familleslussier.com\/wp-content\/uploads\/2023\/10\/couvert-bulletin-v1-no1.jpg&#8221; title_text=&#8221;cover-bulletin-v1-no1&#8243; _builder_version=&#8221;4.22.2&#8243; _module_preset=&#8221;default&#8221; border_width_all=&#8221;1px&#8221; global_colors_info=&#8221;{}&#8221;][\/et_pb_image][et_pb_text _builder_version=&#8221;4.27.2&#8243; _module_preset=&#8221;default&#8221; text_font=&#8221;|700|||||||&#8221; text_font_size=&#8221;15px&#8221; header_2_font_size=&#8221;18px&#8221; header_4_font=&#8221;||on||||||&#8221; header_4_text_align=&#8221;center&#8221; header_4_font_size=&#8221;12px&#8221; text_orientation=&#8221;center&#8221; global_colors_info=&#8221;{}&#8221;]<\/p>\n<h2><a href=\"https:\/\/familleslussier.com\/wp-content\/uploads\/2023\/11\/le-parisien-no-1-10-10-2023-final-membre.pdf\" target=\"_blank\" rel=\"noopener\" title=\"Le Parisien Vol-1, No 1\">Le Parisien<br \/>Volume 1, No 1<\/h2>\n<p>Digital Version<\/a><\/p>\n<h4>(Will open in a new window)<\/h4>\n<p>[\/et_pb_text][\/et_pb_column][et_pb_column type=&#8221;1_4&#8243; _builder_version=&#8221;4.27.0&#8243; _module_preset=&#8221;default&#8221; custom_padding=&#8221;|33px||33px|false|false&#8221; global_colors_info=&#8221;{}&#8221;][et_pb_image src=&#8221;https:\/\/familleslussier.com\/wp-content\/uploads\/2024\/04\/couvert-bulletin-v1-no2.jpg&#8221; alt=&#8221;image du couvert Le Parisien Vol 1-No-2&#8243; title_text=&#8221;couvert-bulletin-v1-no2&#8243; _builder_version=&#8221;4.27.2&#8243; _module_preset=&#8221;default&#8221; border_width_all=&#8221;1px&#8221; global_colors_info=&#8221;{}&#8221;][\/et_pb_image][et_pb_text _builder_version=&#8221;4.27.2&#8243; _module_preset=&#8221;default&#8221; text_font=&#8221;|700|||||||&#8221; text_font_size=&#8221;15px&#8221; header_2_font_size=&#8221;18px&#8221; header_4_font=&#8221;||on||||||&#8221; header_4_text_align=&#8221;center&#8221; header_4_font_size=&#8221;12px&#8221; text_orientation=&#8221;center&#8221; global_colors_info=&#8221;{}&#8221;]<\/p>\n<h2><a href=\"https:\/\/familleslussier.com\/wp-content\/uploads\/2024\/04\/le-parisien-no-2-28-03-2024-final-web.pdf\" target=\"_blank\" rel=\"noopener\" title=\"Le Parisien Vol-1, No 1\">Le Parisien : Volume 1, No 2<\/h2>\n<p>Digital Version<\/a><\/p>\n<h4>(Will open in a new window)<\/h4>\n<p>[\/et_pb_text][\/et_pb_column][et_pb_column type=&#8221;1_4&#8243; _builder_version=&#8221;4.23&#8243; _module_preset=&#8221;default&#8221; custom_padding=&#8221;|33px||33px|false|false&#8221; global_colors_info=&#8221;{}&#8221;][et_pb_image src=&#8221;https:\/\/familleslussier.com\/wp-content\/uploads\/2024\/11\/le-parisien-no-3-28-10-2024-final-couverture.jpg&#8221; title_text=&#8221;Le-Parisien_-No-3_28-10-2024_final_couverture&#8221; _builder_version=&#8221;4.27.2&#8243; _module_preset=&#8221;default&#8221; border_width_all=&#8221;1px&#8221; global_colors_info=&#8221;{}&#8221;][\/et_pb_image][et_pb_text _builder_version=&#8221;4.27.2&#8243; _module_preset=&#8221;default&#8221; text_font=&#8221;|700|||||||&#8221; text_font_size=&#8221;15px&#8221; header_2_font_size=&#8221;18px&#8221; header_4_font=&#8221;||on||||||&#8221; header_4_text_align=&#8221;center&#8221; header_4_font_size=&#8221;12px&#8221; text_orientation=&#8221;center&#8221; hover_enabled=&#8221;0&#8243; global_colors_info=&#8221;{}&#8221; sticky_enabled=&#8221;0&#8243;]<\/p>\n<h2><a href=\"https:\/\/familleslussier.com\/wp-content\/uploads\/2024\/11\/le-parisien-no-3-28-10-2024-final-site-web.pdf\" target=\"_blank\" rel=\"noopener\" title=\"Le Parisien No 3\">Le Parisien :<br \/> No 3<\/h2>\n<p>Digital Version<\/a><\/h2>\n<h4>(Will open in a new window)<\/h4>\n<p>[\/et_pb_text][\/et_pb_column][et_pb_column type=&#8221;1_4&#8243; _builder_version=&#8221;4.23&#8243; _module_preset=&#8221;default&#8221; custom_padding=&#8221;|33px||33px|false|false&#8221; global_colors_info=&#8221;{}&#8221;][\/et_pb_column][\/et_pb_row][\/et_pb_section][et_pb_section fb_built=&#8221;1&#8243; _builder_version=&#8221;4.27.0&#8243; _module_preset=&#8221;default&#8221; background_image=&#8221;https:\/\/familleslussier.com\/wp-content\/uploads\/2024\/09\/tableaux-5-generation.jpg&#8221; wpt_cr_restrict_content=&#8221;on&#8221; wpt_cr_access_denied_text=&#8221;<\/p>\n<p style=%22text-align: center;%22>Le contenu de cette section est r\u00e9serv\u00e9e aux membres.<\/p>\n<h3 style=%22text-align: center;%22>Version num\u00e9rique des bulletins de l&#8217;association : Le Parisien Vol.1 no 1 et no 2.<\/h3>\n<h3 style=%22text-align: center;%22>Tableaux des cinq premi\u00e8res g\u00e9n\u00e9rations de Lussier au Canada<\/h3>\n<p>&#8221; border_width_top=&#8221;1px&#8221; border_width_bottom=&#8221;1px&#8221; global_colors_info=&#8221;{}&#8221;][et_pb_row column_structure=&#8221;1_2,1_2&#8243; use_custom_gutter=&#8221;on&#8221; _builder_version=&#8221;4.27.0&#8243; _module_preset=&#8221;default&#8221; background_enable_color=&#8221;off&#8221; background_enable_image=&#8221;off&#8221; overflow-x=&#8221;scroll&#8221; custom_margin=&#8221;42px|auto||auto|false|false&#8221; custom_padding=&#8221;42px|33px||33px|false|false&#8221; overflow-x_tablet=&#8221;scroll&#8221; overflow-x_phone=&#8221;scroll&#8221; overflow-x_last_edited=&#8221;on|desktop&#8221; border_color_all=&#8221;#000000&#8243; border_style_all=&#8221;none&#8221; border_width_top=&#8221;1px&#8221; border_color_top=&#8221;#000000&#8243; locked=&#8221;off&#8221; global_colors_info=&#8221;{}&#8221;][et_pb_column type=&#8221;1_2&#8243; _builder_version=&#8221;4.24.3&#8243; _module_preset=&#8221;default&#8221; global_colors_info=&#8221;{}&#8221;][et_pb_image src=&#8221;https:\/\/familleslussier.com\/wp-content\/uploads\/2024\/09\/image-christophe.jpg&#8221; title_text=&#8221;image-christophe&#8221; _builder_version=&#8221;4.27.0&#8243; _module_preset=&#8221;default&#8221; border_width_all=&#8221;1px&#8221; global_colors_info=&#8221;{}&#8221;][\/et_pb_image][et_pb_text _builder_version=&#8221;4.27.0&#8243; _module_preset=&#8221;default&#8221; text_font=&#8221;|700|||||||&#8221; text_font_size=&#8221;15px&#8221; header_2_font_size=&#8221;18px&#8221; header_4_font=&#8221;||on||||||&#8221; header_4_text_align=&#8221;center&#8221; header_4_font_size=&#8221;12px&#8221; text_orientation=&#8221;center&#8221; global_colors_info=&#8221;{}&#8221;]<\/p>\n<h2>Charts of the first five generations<br \/>of Lussier in Canada<br \/><\/h2>\n<h3>Chart 1 : Christophe, Jacques Lussier\u2019s eldest son.<\/h3>\n<p><a href=\"https:\/\/familleslussier.com\/wp-content\/uploads\/2024\/09\/christophe-lussier-reduit.pdf\" target=\"_blank\" rel=\"attachment wp-att-4107 noopener\">Christophe.pdf<\/a><\/p>\n<h4>(Will open in a new window)<\/h4>\n<p>[\/et_pb_text][\/et_pb_column][et_pb_column type=&#8221;1_2&#8243; _builder_version=&#8221;4.24.3&#8243; _module_preset=&#8221;default&#8221; global_colors_info=&#8221;{}&#8221;][et_pb_image src=&#8221;https:\/\/familleslussier.com\/wp-content\/uploads\/2024\/09\/image-pierre-jacques.jpg&#8221; title_text=&#8221;image-pierre-jacques&#8221; _builder_version=&#8221;4.27.0&#8243; _module_preset=&#8221;default&#8221; border_width_all=&#8221;1px&#8221; global_colors_info=&#8221;{}&#8221;][\/et_pb_image][et_pb_text _builder_version=&#8221;4.27.0&#8243; _module_preset=&#8221;default&#8221; text_font=&#8221;|700|||||||&#8221; text_font_size=&#8221;15px&#8221; header_2_font_size=&#8221;18px&#8221; header_4_font=&#8221;||on||||||&#8221; header_4_text_align=&#8221;center&#8221; header_4_font_size=&#8221;12px&#8221; text_orientation=&#8221;center&#8221; global_colors_info=&#8221;{}&#8221;]<\/p>\n<h2>Charts of the first five generations<br \/>of Lussier in Canada (continued)<\/h2>\n<h3>Chart 2 : Pierre and Jacques, 2nd and 3rd sons with descendants.<\/h3>\n<p><a href=\"https:\/\/familleslussier.com\/wp-content\/uploads\/2024\/09\/jacques-pierre-et-jean-baptiste-lussier-reduit.pdf\" target=\"_blank\" rel=\"attachment wp-att-4109 noopener\">Pierre et Jacques.pdf<\/a><\/p>\n<h4>(Will open in a new window)<\/h4>\n<p>[\/et_pb_text][\/et_pb_column][\/et_pb_row][\/et_pb_section][et_pb_section fb_built=&#8221;1&#8243; _builder_version=&#8221;4.24.3&#8243; _module_preset=&#8221;default&#8221; background_color=&#8221;#F8F8F8&#8243; background_enable_image=&#8221;off&#8221; background_size=&#8221;initial&#8221; locked=&#8221;off&#8221; global_colors_info=&#8221;{}&#8221;][et_pb_row _builder_version=&#8221;4.21.0&#8243; _module_preset=&#8221;default&#8221; background_enable_image=&#8221;off&#8221; background_size=&#8221;initial&#8221; background_position=&#8221;bottom_left&#8221; background_horizontal_offset=&#8221;20%&#8221; global_colors_info=&#8221;{}&#8221;][et_pb_column type=&#8221;4_4&#8243; _builder_version=&#8221;4.21.0&#8243; _module_preset=&#8221;default&#8221; global_colors_info=&#8221;{}&#8221;][et_pb_button button_url=&#8221;https:\/\/familleslussier.com\/en\/my-account\/&#8221; button_text=&#8221;I am already a member: Login to my account&#8221; button_alignment=&#8221;center&#8221; _builder_version=&#8221;4.27.2&#8243; _module_preset=&#8221;default&#8221; custom_button=&#8221;on&#8221; button_text_color=&#8221;#FFFFFF&#8221; button_bg_color=&#8221;#BDAA82&#8243; button_border_color=&#8221;#000000&#8243; global_colors_info=&#8221;{}&#8221;][\/et_pb_button][et_pb_button button_url=&#8221;https:\/\/familleslussier.com\/en\/become-a-member\/&#8221; button_text=&#8221;Link to %22Become a member%22 page&#8221; button_alignment=&#8221;center&#8221; _builder_version=&#8221;4.27.0&#8243; _module_preset=&#8221;default&#8221; custom_button=&#8221;on&#8221; button_text_color=&#8221;#FFFFFF&#8221; button_bg_color=&#8221;#BDAA82&#8243; button_border_color=&#8221;#000000&#8243; global_colors_info=&#8221;{}&#8221;][\/et_pb_button][\/et_pb_column][\/et_pb_row][\/et_pb_section]<\/p>\n","protected":false},"excerpt":{"rendered":"<p>Members only section &nbsp;Le ParisienVolume 1, No 1 Digital Version (Will open in a new window)Le Parisien : Volume 1, No 2 Digital Version (Will open in a new window)Le Parisien : No 3 Digital Version (Will open in a new window)Charts of the first five generationsof Lussier in Canada Chart 1 : Christophe, Jacques [&hellip;]<\/p>\n","protected":false},"author":2,"featured_media":0,"parent":0,"menu_order":0,"comment_status":"closed","ping_status":"closed","template":"","meta":{"_et_pb_use_builder":"on","_et_pb_old_content":"","_et_gb_content_width":"","inline_featured_image":false,"om_disable_all_campaigns":false,"_monsterinsights_skip_tracking":false,"_monsterinsights_sitenote_active":false,"_monsterinsights_sitenote_note":"","_monsterinsights_sitenote_category":0,"footnotes":""},"class_list":["post-4148","page","type-page","status-publish","hentry"],"aioseo_notices":[],"_links":{"self":[{"href":"https:\/\/familleslussier.com\/en\/wp-json\/wp\/v2\/pages\/4148","targetHints":{"allow":["GET"]}}],"collection":[{"href":"https:\/\/familleslussier.com\/en\/wp-json\/wp\/v2\/pages"}],"about":[{"href":"https:\/\/familleslussier.com\/en\/wp-json\/wp\/v2\/types\/page"}],"author":[{"embeddable":true,"href":"https:\/\/familleslussier.com\/en\/wp-json\/wp\/v2\/users\/2"}],"replies":[{"embeddable":true,"href":"https:\/\/familleslussier.com\/en\/wp-json\/wp\/v2\/comments?post=4148"}],"version-history":[{"count":21,"href":"https:\/\/familleslussier.com\/en\/wp-json\/wp\/v2\/pages\/4148\/revisions"}],"predecessor-version":[{"id":5070,"href":"https:\/\/familleslussier.com\/en\/wp-json\/wp\/v2\/pages\/4148\/revisions\/5070"}],"wp:attachment":[{"href":"https:\/\/familleslussier.com\/en\/wp-json\/wp\/v2\/media?parent=4148"}],"curies":[{"name":"wp","href":"https:\/\/api.w.org\/{rel}","templated":true}]}}