{"id":2964,"date":"2023-04-07T10:11:03","date_gmt":"2023-04-07T14:11:03","guid":{"rendered":"https:\/\/familleslussier.com\/history\/"},"modified":"2024-02-18T18:05:17","modified_gmt":"2024-02-18T23:05:17","slug":"history","status":"publish","type":"page","link":"https:\/\/familleslussier.com\/en\/history\/","title":{"rendered":"history"},"content":{"rendered":"<p>[et_pb_section fb_built=&#8221;1&#8243; _builder_version=&#8221;4.21.0&#8243; _module_preset=&#8221;default&#8221; background_color=&#8221;#f8f8f8&#8243; background_image=&#8221;https:\/\/familleslussier.com\/wp-content\/uploads\/2023\/04\/record-image-degr.jpg&#8221; background_size=&#8221;initial&#8221; background_position=&#8221;top_left&#8221; global_colors_info=&#8221;{}&#8221;][et_pb_row _builder_version=&#8221;4.20.4&#8243; _module_preset=&#8221;default&#8221; custom_padding=&#8221;0px||||false|false&#8221; global_colors_info=&#8221;{}&#8221;][et_pb_column type=&#8221;4_4&#8243; _builder_version=&#8221;4.20.4&#8243; _module_preset=&#8221;default&#8221; global_colors_info=&#8221;{}&#8221;][et_pb_image src=&#8221;https:\/\/familleslussier.com\/wp-content\/uploads\/2023\/04\/lussier-lucier-lhuissier-recul-logo-asso-300&#215;182.png&#8221; title_text=&#8221;Lussier-Lucier-L&apos;Huissier-recul-logo-asso&#8221; align=&#8221;center&#8221; _builder_version=&#8221;4.20.4&#8243; _module_preset=&#8221;default&#8221; background_color=&#8221;RGBA(255,255,255,0)&#8221; global_colors_info=&#8221;{}&#8221;][\/et_pb_image][\/et_pb_column][\/et_pb_row][et_pb_row use_custom_gutter=&#8221;on&#8221; _builder_version=&#8221;4.20.4&#8243; _module_preset=&#8221;default&#8221; background_color=&#8221;#FFFFFF&#8221; background_enable_image=&#8221;off&#8221; background_size=&#8221;initial&#8221; background_position=&#8221;bottom_right&#8221; background_horizontal_offset=&#8221;6%&#8221; background_vertical_offset=&#8221;12%&#8221; background_blend=&#8221;luminosity&#8221; custom_margin=&#8221;||||false|false&#8221; custom_padding=&#8221;||||false|false&#8221; global_colors_info=&#8221;{}&#8221;][et_pb_column type=&#8221;4_4&#8243; _builder_version=&#8221;4.20.4&#8243; _module_preset=&#8221;default&#8221; background_color=&#8221;RGBA(255,255,255,0)&#8221; global_colors_info=&#8221;{}&#8221;][et_pb_text _builder_version=&#8221;4.20.4&#8243; _module_preset=&#8221;default&#8221; header_text_align=&#8221;center&#8221; header_line_height=&#8221;1.4em&#8221; header_2_font=&#8221;|600|||||||&#8221; header_2_text_align=&#8221;center&#8221; background_color=&#8221;RGBA(255,255,255,0)&#8221; custom_margin=&#8221;||||false|false&#8221; custom_padding=&#8221;22px|22px|22px|22px|false|false&#8221; global_colors_info=&#8221;{}&#8221;]<\/p>\n<h1>Our ancestor Jacques Lhuissier<\/h1>\n<p>[\/et_pb_text][\/et_pb_column][\/et_pb_row][et_pb_row column_structure=&#8221;3_5,1_5,1_5&#8243; use_custom_gutter=&#8221;on&#8221; _builder_version=&#8221;4.21.0&#8243; _module_preset=&#8221;default&#8221; background_color=&#8221;#FFFFFF&#8221; background_enable_image=&#8221;off&#8221; background_size=&#8221;initial&#8221; background_position=&#8221;bottom_right&#8221; background_horizontal_offset=&#8221;6%&#8221; background_vertical_offset=&#8221;12%&#8221; background_blend=&#8221;luminosity&#8221; custom_margin=&#8221;0px||0px||false|false&#8221; custom_padding=&#8221;0px|11px|0px||false|false&#8221; global_colors_info=&#8221;{}&#8221;][et_pb_column type=&#8221;3_5&#8243; _builder_version=&#8221;4.20.4&#8243; _module_preset=&#8221;default&#8221; background_color=&#8221;RGBA(255,255,255,0)&#8221; global_colors_info=&#8221;{}&#8221;][et_pb_text _builder_version=&#8221;4.21.0&#8243; _module_preset=&#8221;default&#8221; header_text_align=&#8221;center&#8221; header_line_height=&#8221;1.4em&#8221; header_2_font=&#8221;|600|||||||&#8221; header_2_text_align=&#8221;center&#8221; background_color=&#8221;RGBA(255,255,255,0)&#8221; custom_margin=&#8221;||||false|false&#8221; custom_padding=&#8221;|22px||22px|false|false&#8221; global_colors_info=&#8221;{}&#8221;]<\/p>\n<p>Parisian Jacques Lhuissier, from the parish of Saint-Eustache, was born around 1646. He is the son of Jacques Lhuissier and Marguerite Domin\u00e9 (or Darmine). At the time of his birth, nothing foretold the singular career of the man who would become the ancestor of the Lussier\/Lucier\/Lucia\/L&#8217;huissier of America family.<\/p>\n<p>[\/et_pb_text][et_pb_image src=&#8221;https:\/\/familleslussier.com\/wp-content\/uploads\/2023\/04\/lussier-lucier-lucia-lhuissier-anime-mots-tjrs2.gif&#8221; title_text=&#8221;Lussier-Lucier-Lucia-L&apos;Huissier-anime-mots-tjrs2&#8243; _builder_version=&#8221;4.20.4&#8243; _module_preset=&#8221;default&#8221; global_colors_info=&#8221;{}&#8221;][\/et_pb_image][\/et_pb_column][et_pb_column type=&#8221;1_5&#8243; _builder_version=&#8221;4.20.4&#8243; _module_preset=&#8221;default&#8221; background_color=&#8221;RGBA(255,255,255,0)&#8221; custom_padding=&#8221;||||false|false&#8221; global_colors_info=&#8221;{}&#8221;][et_pb_image src=&#8221;https:\/\/familleslussier.com\/wp-content\/uploads\/2023\/04\/1ste-eustach17e.jpg&#8221; title_text=&#8221;1ste_eustach17e&#8221; align=&#8221;center&#8221; _builder_version=&#8221;4.20.4&#8243; _module_preset=&#8221;default&#8221; global_colors_info=&#8221;{}&#8221;][\/et_pb_image][et_pb_text _builder_version=&#8221;4.20.4&#8243; _module_preset=&#8221;default&#8221; global_colors_info=&#8221;{}&#8221;]<\/p>\n<p><strong>Seventeenth-century engraving<\/strong><br \/><a href=\"https:\/\/paris1900.lartnouveau.com\/paris01\/eglise_ste_eustache.htm\">paris1900.lartnouveau.com<\/a><\/p>\n<p>[\/et_pb_text][\/et_pb_column][et_pb_column type=&#8221;1_5&#8243; _builder_version=&#8221;4.20.4&#8243; _module_preset=&#8221;default&#8221; background_color=&#8221;RGBA(255,255,255,0)&#8221; custom_padding=&#8221;||||false|false&#8221; global_colors_info=&#8221;{}&#8221;][et_pb_image src=&#8221;https:\/\/familleslussier.com\/wp-content\/uploads\/2023\/04\/ste-eustach-paris.jpg&#8221; title_text=&#8221;ste_eustach_paris&#8221; align=&#8221;center&#8221; _builder_version=&#8221;4.20.4&#8243; _module_preset=&#8221;default&#8221; global_colors_info=&#8221;{}&#8221;][\/et_pb_image][et_pb_text _builder_version=&#8221;4.20.4&#8243; _module_preset=&#8221;default&#8221; global_colors_info=&#8221;{}&#8221;]<\/p>\n<p><strong>Current photo of the church<\/strong><br \/><a href=\"https:\/\/www.paris.fr\/pages\/l-eglise-saint-eustache-restauree-illumine-le-nouveau-quartier-des-halles-5810\">www.paris.fr<\/a><\/p>\n<p>[\/et_pb_text][\/et_pb_column][\/et_pb_row][et_pb_row use_custom_gutter=&#8221;on&#8221; make_equal=&#8221;on&#8221; _builder_version=&#8221;4.20.4&#8243; _module_preset=&#8221;default&#8221; background_color=&#8221;#FFFFFF&#8221; background_enable_image=&#8221;off&#8221; background_size=&#8221;initial&#8221; background_position=&#8221;bottom_right&#8221; background_horizontal_offset=&#8221;6%&#8221; background_vertical_offset=&#8221;12%&#8221; background_blend=&#8221;luminosity&#8221; custom_margin=&#8221;||||false|false&#8221; custom_padding=&#8221;||||false|false&#8221; global_colors_info=&#8221;{}&#8221;][et_pb_column type=&#8221;4_4&#8243; _builder_version=&#8221;4.20.4&#8243; _module_preset=&#8221;default&#8221; background_color=&#8221;RGBA(255,255,255,0)&#8221; global_colors_info=&#8221;{}&#8221;][et_pb_text _builder_version=&#8221;4.21.0&#8243; _module_preset=&#8221;default&#8221; header_text_align=&#8221;center&#8221; header_line_height=&#8221;1.4em&#8221; header_2_font=&#8221;|600|||||||&#8221; header_2_text_align=&#8221;center&#8221; background_color=&#8221;RGBA(255,255,255,0)&#8221; custom_margin=&#8221;||||false|false&#8221; custom_padding=&#8221;|22px||22px|false|false&#8221; global_colors_info=&#8221;{}&#8221;]<\/p>\n<p>Apart from the names of his parents, mentioned by the notary and parish priest at the time of his first marriage, we know nothing of our ancestor&#8217;s family background. We also don&#8217;t know from which port he left France, nor the precise date of his departure and arrival in New France. But why did Jacques Lhuissier leave his family to settle in the colony?<\/p>\n<p>[\/et_pb_text][\/et_pb_column][\/et_pb_row][et_pb_row column_structure=&#8221;3_4,1_4&#8243; make_equal=&#8221;on&#8221; _builder_version=&#8221;4.20.4&#8243; _module_preset=&#8221;default&#8221; background_color=&#8221;#FFFFFF&#8221; background_enable_image=&#8221;off&#8221; background_size=&#8221;initial&#8221; background_position=&#8221;bottom_right&#8221; background_horizontal_offset=&#8221;6%&#8221; background_vertical_offset=&#8221;12%&#8221; background_blend=&#8221;luminosity&#8221; custom_margin=&#8221;||0px||false|false&#8221; custom_padding=&#8221;0px||0px||false|false&#8221; global_colors_info=&#8221;{}&#8221;][et_pb_column type=&#8221;3_4&#8243; _builder_version=&#8221;4.20.4&#8243; _module_preset=&#8221;default&#8221; background_color=&#8221;RGBA(255,255,255,0)&#8221; global_colors_info=&#8221;{}&#8221;][et_pb_text _builder_version=&#8221;4.21.0&#8243; _module_preset=&#8221;default&#8221; header_text_align=&#8221;center&#8221; header_line_height=&#8221;1.4em&#8221; header_2_font=&#8221;|600|||||||&#8221; header_2_text_align=&#8221;center&#8221; background_color=&#8221;RGBA(255,255,255,0)&#8221; custom_margin=&#8221;||||false|false&#8221; custom_padding=&#8221;|22px|19px|22px|false|false&#8221; global_colors_info=&#8221;{}&#8221;]<\/p>\n<h4>Let&#8217;s take a look at what the archives have to say on the subject.<\/h4>\n<p>Jacques Lhuissier was present in Qu\u00e9bec City in the fall of 1669, when he drew up his first marriage contract with Charlotte Lamarche. To date, this is the oldest archival document in which our ancestor&#8217;s name is mentioned in America.<\/p>\n<p>How did Jacques Lhuissier come to New France? He probably came to the colony as a soldier in the Carignan-Sali\u00e8res regiment. Although we are not yet in a position to prove it, the many Laubia company soldiers in his entourage lead us to believe that he would have served in this company. This is all the more likely as a man called &#8220;Le Parisien&#8221; from this company has not yet been formally identified.<\/p>\n<p>[\/et_pb_text][\/et_pb_column][et_pb_column type=&#8221;1_4&#8243; _builder_version=&#8221;4.20.4&#8243; _module_preset=&#8221;default&#8221; background_color=&#8221;RGBA(255,255,255,0)&#8221; global_colors_info=&#8221;{}&#8221;][et_pb_image src=&#8221;https:\/\/familleslussier.com\/wp-content\/uploads\/2023\/04\/drapeau-218&#215;300.jpg&#8221; title_text=&#8221;flag&#8221; align=&#8221;center&#8221; _builder_version=&#8221;4.20.4&#8243; _module_preset=&#8221;default&#8221; max_width=&#8221;120px&#8221; custom_margin=&#8221;||0px||false|false&#8221; global_colors_info=&#8221;{}&#8221;][\/et_pb_image][et_pb_text _builder_version=&#8221;4.20.4&#8243; _module_preset=&#8221;default&#8221; global_colors_info=&#8221;{}&#8221;]<\/p>\n<p style=\"text-align: center;\"><strong>Flag of the Carignan-Sali\u00e8res Regiment<\/strong><\/p>\n<p>[\/et_pb_text][\/et_pb_column][\/et_pb_row][et_pb_row column_structure=&#8221;3_4,1_4&#8243; use_custom_gutter=&#8221;on&#8221; make_equal=&#8221;on&#8221; _builder_version=&#8221;4.21.0&#8243; _module_preset=&#8221;default&#8221; background_color=&#8221;#FFFFFF&#8221; background_enable_image=&#8221;off&#8221; background_size=&#8221;initial&#8221; background_position=&#8221;bottom_right&#8221; background_horizontal_offset=&#8221;6%&#8221; background_vertical_offset=&#8221;12%&#8221; background_blend=&#8221;luminosity&#8221; custom_margin=&#8221;||0px||false|false&#8221; custom_padding=&#8221;0px||0px||false|false&#8221; global_colors_info=&#8221;{}&#8221;][et_pb_column type=&#8221;3_4&#8243; _builder_version=&#8221;4.20.4&#8243; _module_preset=&#8221;default&#8221; background_color=&#8221;RGBA(255,255,255,0)&#8221; global_colors_info=&#8221;{}&#8221;][et_pb_text _builder_version=&#8221;4.21.0&#8243; _module_preset=&#8221;default&#8221; header_text_align=&#8221;center&#8221; header_line_height=&#8221;1.4em&#8221; header_2_font=&#8221;|600|||||||&#8221; header_2_text_align=&#8221;center&#8221; background_color=&#8221;RGBA(255,255,255,0)&#8221; custom_margin=&#8221;||||false|false&#8221; custom_padding=&#8221;0px|22px||22px|false|false&#8221; global_colors_info=&#8221;{}&#8221;]<\/p>\n<p>In any case, on September 22, 1669, Jacques Lhuissier was present in Quebec City at the home of Anne Gasnier, widow of Jean Bourdon, King&#8217;s Counselor and Attorney General to the Sovereign Council. The young man set his sights on Charlotte Lamarche, a fille du Roy who had arrived on June 30 on the ship Saint-Jean-Baptiste. The latter, daughter of Fran\u00e7ois Lamarche and Suzanne Bourgeois, came from the parish of Saint-Jacques-du-Haut-Pas in Paris, where she was probably born around 1647. Notary Romain Becquet draws up their marriage contract. This document reveals the origins of the spouses and the names of their parents. We also learn that Jacques Lhuissier is a &#8220;habitant&#8221; living in Boucherville. The following week, on September 30, Father De Berni\u00e8res blessed their union at Notre-Dame church in Quebec City.<\/p>\n<p>[\/et_pb_text][\/et_pb_column][et_pb_column type=&#8221;1_4&#8243; _builder_version=&#8221;4.20.4&#8243; _module_preset=&#8221;default&#8221; global_colors_info=&#8221;{}&#8221;][et_pb_image src=&#8221;https:\/\/familleslussier.com\/wp-content\/uploads\/2023\/04\/navire.png&#8221; title_text=&#8221;ship&#8221; align=&#8221;center&#8221; admin_label=&#8221;navire&#8221; _builder_version=&#8221;4.20.4&#8243; _module_preset=&#8221;default&#8221; max_width=&#8221;150px&#8221; module_alignment=&#8221;center&#8221; custom_padding=&#8221;||33px||false|false&#8221; global_colors_info=&#8221;{}&#8221;][\/et_pb_image][\/et_pb_column][\/et_pb_row][et_pb_row _builder_version=&#8221;4.20.4&#8243; _module_preset=&#8221;default&#8221; background_color=&#8221;#FFFFFF&#8221; custom_margin=&#8221;0px||0px||false|false&#8221; custom_padding=&#8221;0px||0px||false|false&#8221; global_colors_info=&#8221;{}&#8221;][et_pb_column type=&#8221;4_4&#8243; _builder_version=&#8221;4.20.4&#8243; _module_preset=&#8221;default&#8221; global_colors_info=&#8221;{}&#8221;][et_pb_image src=&#8221;https:\/\/familleslussier.com\/wp-content\/uploads\/2023\/04\/carte-qc-1700-1.jpg&#8221; alt=&#8221;Map of Quebec in the 17th century&#8221; title_text=&#8221;card-qc-1700&#8243; _builder_version=&#8221;4.20.4&#8243; _module_preset=&#8221;default&#8221; width=&#8221;80%&#8221; module_alignment=&#8221;center&#8221; global_colors_info=&#8221;{}&#8221;][\/et_pb_image][\/et_pb_column][\/et_pb_row][et_pb_row use_custom_gutter=&#8221;on&#8221; make_equal=&#8221;on&#8221; _builder_version=&#8221;4.20.4&#8243; _module_preset=&#8221;default&#8221; background_color=&#8221;#FFFFFF&#8221; background_image=&#8221;https:\/\/familleslussier.com\/wp-content\/uploads\/2023\/04\/fichier-5grains-gerbe.png&#8221; background_size=&#8221;initial&#8221; background_position=&#8221;top_right&#8221; background_horizontal_offset=&#8221;6%&#8221; background_vertical_offset=&#8221;12%&#8221; background_blend=&#8221;luminosity&#8221; custom_margin=&#8221;||0px||false|false&#8221; custom_padding=&#8221;0px||0px||false|false&#8221; global_colors_info=&#8221;{}&#8221;][et_pb_column type=&#8221;4_4&#8243; _builder_version=&#8221;4.20.2&#8243; _module_preset=&#8221;default&#8221; global_colors_info=&#8221;{}&#8221;][et_pb_text _builder_version=&#8221;4.22.2&#8243; _module_preset=&#8221;default&#8221; header_text_align=&#8221;center&#8221; header_line_height=&#8221;1.4em&#8221; header_2_font=&#8221;|600|||||||&#8221; header_2_text_align=&#8221;center&#8221; background_color=&#8221;RGBA(255,255,255,0)&#8221; custom_margin=&#8221;||||false|false&#8221; custom_padding=&#8221;22px|22px|22px|22px|false|false&#8221; hover_enabled=&#8221;0&#8243; global_colors_info=&#8221;{}&#8221; sticky_enabled=&#8221;0&#8243;]<\/p>\n<p>It was probably in the Du Tremblay seigneury, on land measuring 2 arpents in front by 30 arpents deep, that Jacques and Charlotte established their home. In the summer of 1670, a contract was signed for the construction of their house. <\/p>\n<p>On February 3, 1671, Charlotte gave birth to a baby girl, Marie. Sadly, she would never see her daughter grow up, dying shortly after giving birth in her own home. <\/p>\n<p>Then, in the autumn of the same year, Jacques headed back to Quebec with the intention of finding a second wife. On October 4, he returned for a second time to the widow Bourdon&#8217;s house, where notary Becquet drew up his marriage contract with Catherine Cl\u00e9rice, another fille du Roy. The latter, daughter of Pierre Cl\u00e9rice and Marie Lefebvre of the parish of Saint-Sulpice in Paris, is just 18 years old. On October 12, their wedding is celebrated at Notre-Dame Church in Quebec City. Jacques Lhuissier and Catherine Cl\u00e9rice led a busy life in the Cap de Varennes and \u00celes de Verch\u00e8res seigneuries, as evidenced by the many notarized contracts between them. Nine of their children will reach adulthood and marry. They all settled in the Varennes area.<\/p>\n<p>Jacques Lhuissier drowned in the St. Lawrence River between November 14, 1712 and January 22, 1713. His body was found in the seigneury of Sorel the following summer. It was here that he was buried on June 12, 1713, in the presence of his son Christophe and his son-in-law Antoine Foisy.<\/p>\n<p>In the winter of 1715, after receiving the last rites, it was Catherine&#8217;s turn to leave her family at the age of 68. On March<sup>1,<\/sup> 1715, his body was buried in the Varennes parish cemetery.<\/p>\n<p>Today, the descendants of Jacques Lhuissier and his two wives number in the tens of thousands in America. They are scattered throughout Quebec, Ontario, Western Canada, New England and many other American states (e.g. Oregon, Minnesota, etc.).<\/p>\n<hr>\n<p>&nbsp;<\/p>\n<p>[\/et_pb_text][\/et_pb_column][\/et_pb_row][et_pb_row column_structure=&#8221;3_5,2_5&#8243; _builder_version=&#8221;4.20.4&#8243; _module_preset=&#8221;default&#8221; background_color=&#8221;#FFFFFF&#8221; background_enable_image=&#8221;off&#8221; background_size=&#8221;initial&#8221; background_position=&#8221;bottom_right&#8221; background_horizontal_offset=&#8221;6%&#8221; background_vertical_offset=&#8221;12%&#8221; background_blend=&#8221;luminosity&#8221; custom_margin=&#8221;0px||||false|false&#8221; custom_padding=&#8221;0px|11px|66px||false|false&#8221; global_colors_info=&#8221;{}&#8221;][et_pb_column type=&#8221;3_5&#8243; _builder_version=&#8221;4.20.2&#8243; _module_preset=&#8221;default&#8221; global_colors_info=&#8221;{}&#8221;][et_pb_text _builder_version=&#8221;4.21.0&#8243; _module_preset=&#8221;default&#8221; header_text_align=&#8221;center&#8221; header_line_height=&#8221;1.4em&#8221; header_2_font=&#8221;|600|||||||&#8221; header_2_text_align=&#8221;center&#8221; background_color=&#8221;RGBA(255,255,255,0)&#8221; custom_margin=&#8221;||||false|false&#8221; custom_padding=&#8221;|22px||22px|false|false&#8221; global_colors_info=&#8221;{}&#8221;]<\/p>\n<p><i>Our ancestor Jacques Lhuissier couldn&#8217;t write and so couldn&#8217;t sign. The spelling of his surname therefore varies according to the goodwill of parish priests, notaries or any other person who wrote up the documents in which he is mentioned: L&#8217;Huissier, Lhuissier, Lhuisier, Lussy\u00e9, Luissier, Lucier, Lhussier, Lhuislier, Lhuissi\u00e9, Lhuissiee, Lhu\u00efssier, Lhuisuis, Lusie, Lusier, Lussie, Lussi\u00e9, Lussier Lussiers, Luyssier, Lucie, Luci\u00e9, Lu\u00e7ier, Huissier, Huisier, Hussi\u00e9, Lhuyssier, and so on. <\/i><i> <\/i><\/p>\n<p><i>Until 1692, the censitaires of seigneur Ren\u00e9 Gaultier de Varennes were under the jurisdiction of the parish of Boucherville for sacraments; no parish had yet been erected on the territories of Cap de Varennes and the fief of Tremblay.<\/i><\/p>\n<p>[\/et_pb_text][\/et_pb_column][et_pb_column type=&#8221;2_5&#8243; _builder_version=&#8221;4.20.2&#8243; _module_preset=&#8221;default&#8221; global_colors_info=&#8221;{}&#8221;][et_pb_image src=&#8221;https:\/\/familleslussier.com\/wp-content\/uploads\/2023\/05\/record-image-x-gauche-1.jpg&#8221; alt=&#8221;Signature of Jacques Lussier&#8221; title_text=&#8221;record-image-X-left&#8221; _builder_version=&#8221;4.21.0&#8243; _module_preset=&#8221;default&#8221; background_enable_image=&#8221;off&#8221; custom_margin=&#8221;||||false|false&#8221; global_colors_info=&#8221;{}&#8221;][\/et_pb_image][et_pb_text _builder_version=&#8221;4.21.0&#8243; _module_preset=&#8221;default&#8221; global_colors_info=&#8221;{}&#8221;]<\/p>\n<p style=\"text-align: center;\">Extract from a document bearing the mark of Jacques Lhuissier<\/p>\n<p>[\/et_pb_text][\/et_pb_column][\/et_pb_row][\/et_pb_section]<\/p>\n","protected":false},"excerpt":{"rendered":"<p>Our ancestor Jacques LhuissierParisian Jacques Lhuissier, from the parish of Saint-Eustache, was born around 1646. He is the son of Jacques Lhuissier and Marguerite Domin\u00e9 (or Darmine). At the time of his birth, nothing foretold the singular career of the man who would become the ancestor of the Lussier\/Lucier\/Lucia\/L&#8217;huissier of America family.Seventeenth-century engravingparis1900.lartnouveau.comCurrent photo of [&hellip;]<\/p>\n","protected":false},"author":2,"featured_media":0,"parent":0,"menu_order":0,"comment_status":"closed","ping_status":"closed","template":"","meta":{"_et_pb_use_builder":"on","_et_pb_old_content":"","_et_gb_content_width":"","inline_featured_image":false,"om_disable_all_campaigns":false,"_monsterinsights_skip_tracking":false,"_monsterinsights_sitenote_active":false,"_monsterinsights_sitenote_note":"","_monsterinsights_sitenote_category":0,"footnotes":""},"class_list":["post-2964","page","type-page","status-publish","hentry"],"aioseo_notices":[],"_links":{"self":[{"href":"https:\/\/familleslussier.com\/en\/wp-json\/wp\/v2\/pages\/2964","targetHints":{"allow":["GET"]}}],"collection":[{"href":"https:\/\/familleslussier.com\/en\/wp-json\/wp\/v2\/pages"}],"about":[{"href":"https:\/\/familleslussier.com\/en\/wp-json\/wp\/v2\/types\/page"}],"author":[{"embeddable":true,"href":"https:\/\/familleslussier.com\/en\/wp-json\/wp\/v2\/users\/2"}],"replies":[{"embeddable":true,"href":"https:\/\/familleslussier.com\/en\/wp-json\/wp\/v2\/comments?post=2964"}],"version-history":[{"count":2,"href":"https:\/\/familleslussier.com\/en\/wp-json\/wp\/v2\/pages\/2964\/revisions"}],"predecessor-version":[{"id":2966,"href":"https:\/\/familleslussier.com\/en\/wp-json\/wp\/v2\/pages\/2964\/revisions\/2966"}],"wp:attachment":[{"href":"https:\/\/familleslussier.com\/en\/wp-json\/wp\/v2\/media?parent=2964"}],"curies":[{"name":"wp","href":"https:\/\/api.w.org\/{rel}","templated":true}]}}