{"id":2919,"date":"2023-06-09T20:29:37","date_gmt":"2023-06-10T00:29:37","guid":{"rendered":"https:\/\/familleslussier.com\/board-of-directors\/"},"modified":"2025-05-16T09:10:40","modified_gmt":"2025-05-16T13:10:40","slug":"board-of-directors","status":"publish","type":"page","link":"https:\/\/familleslussier.com\/en\/board-of-directors\/","title":{"rendered":"Board of Directors"},"content":{"rendered":"<p>[et_pb_section fb_built=&#8221;1&#8243; _builder_version=&#8221;4.21.0&#8243; _module_preset=&#8221;default&#8221; background_color=&#8221;#F8F8F8&#8243; background_image=&#8221;https:\/\/familleslussier.com\/wp-content\/uploads\/2023\/07\/fichier-12x.png&#8221; background_size=&#8221;initial&#8221; background_position=&#8221;top_left&#8221; background_horizontal_offset=&#8221;19%&#8221; background_vertical_offset=&#8221;7%&#8221; background_blend=&#8221;luminosity&#8221; min_height=&#8221;900px&#8221; global_colors_info=&#8221;{}&#8221;][et_pb_row make_equal=&#8221;on&#8221; _builder_version=&#8221;4.21.0&#8243; _module_preset=&#8221;default&#8221; custom_padding=&#8221;0px||||false|false&#8221; global_colors_info=&#8221;{}&#8221;][et_pb_column type=&#8221;4_4&#8243; _builder_version=&#8221;4.20.4&#8243; _module_preset=&#8221;default&#8221; global_colors_info=&#8221;{}&#8221;][et_pb_image src=&#8221;https:\/\/familleslussier.com\/wp-content\/uploads\/2023\/04\/lussier-lucier-lhuissier-recul-logo-asso-300&#215;182.png&#8221; title_text=&#8221;Lussier-Lucier-L&apos;Huissier-recul-logo-asso&#8221; align=&#8221;center&#8221; _builder_version=&#8221;4.20.4&#8243; _module_preset=&#8221;default&#8221; background_color=&#8221;RGBA(255,255,255,0)&#8221; global_colors_info=&#8221;{}&#8221;][\/et_pb_image][\/et_pb_column][\/et_pb_row][et_pb_row _builder_version=&#8221;4.21.0&#8243; _module_preset=&#8221;default&#8221; global_colors_info=&#8221;{}&#8221;][et_pb_column type=&#8221;4_4&#8243; _builder_version=&#8221;4.21.0&#8243; _module_preset=&#8221;default&#8221; global_colors_info=&#8221;{}&#8221;][et_pb_text _builder_version=&#8221;4.21.0&#8243; _module_preset=&#8221;default&#8221; header_line_height=&#8221;1.4em&#8221; header_2_font=&#8221;|600|||||||&#8221; header_2_text_align=&#8221;center&#8221; text_orientation=&#8221;center&#8221; custom_margin=&#8221;-1px|||||&#8221; global_colors_info=&#8221;{}&#8221;]<\/p>\n<h1>Board of Directors<\/h1>\n<p>[\/et_pb_text][\/et_pb_column][\/et_pb_row][et_pb_row column_structure=&#8221;2_5,3_5&#8243; _builder_version=&#8221;4.21.0&#8243; _module_preset=&#8221;default&#8221; background_enable_image=&#8221;off&#8221; background_size=&#8221;initial&#8221; background_position=&#8221;bottom_left&#8221; background_horizontal_offset=&#8221;20%&#8221; global_colors_info=&#8221;{}&#8221;][et_pb_column type=&#8221;2_5&#8243; _builder_version=&#8221;4.21.0&#8243; _module_preset=&#8221;default&#8221; global_colors_info=&#8221;{}&#8221;][et_pb_text _builder_version=&#8221;4.21.0&#8243; _module_preset=&#8221;default&#8221; text_font_size=&#8221;18px&#8221; header_3_text_color=&#8221;#336699&#8243; custom_padding=&#8221;|||44px|false|false&#8221; global_colors_info=&#8221;{}&#8221;]<\/p>\n<h3>Marcel Lussier<\/h3>\n<p><i>Chairman<\/i><\/p>\n<h3>Conrad Lussier<\/h3>\n<p><i>Vice President<\/i><\/p>\n<h3>H\u00e9l\u00e8ne Lussier<\/h3>\n<p><i>Treasurer<\/i><\/p>\n<h3>Jos\u00e9e T\u00e9treault<\/h3>\n<p><i>Secretary<\/i><\/p>\n<h3>Alain Jodoin<\/h3>\n<p><i>Director<\/i><\/p>\n<h3>C\u00e9line Ravenelle<\/h3>\n<p><i>Director<\/i><\/p>\n<h3>Pierre Lucier<\/h3>\n<p><i>Director<\/i><\/p>\n<p>[\/et_pb_text][et_pb_text disabled_on=&#8221;on|on|on&#8221; _builder_version=&#8221;4.21.0&#8243; _module_preset=&#8221;default&#8221; text_font_size=&#8221;18px&#8221; header_3_text_color=&#8221;#336699&#8243; custom_padding=&#8221;|||44px|false|false&#8221; disabled=&#8221;on&#8221; global_colors_info=&#8221;{}&#8221;]<\/p>\n<h3>Chairmanship:<\/h3>\n<p><i>Marcel Lussier<\/i><\/p>\n<h3>Vice-Chairman:<\/h3>\n<p><i>Conrad Lussier<\/i><\/p>\n<h3>Treasury :<\/h3>\n<p><i>H\u00e9lene Lussier<\/i><\/p>\n<h3>Secretariat :<\/h3>\n<p><i>Jos\u00e9e T\u00e9treault<\/i><\/p>\n<h3>Administrators :<\/h3>\n<p><i>Alain Jodoin<br \/>C\u00e9line Ravenelle<br \/>Denise Lussier<\/i><\/p>\n<p>[\/et_pb_text][et_pb_image src=&#8221;https:\/\/familleslussier.com\/wp-content\/uploads\/2023\/04\/fichier-3grains.png&#8221; title_text=&#8221;3grains file&#8221; _builder_version=&#8221;4.21.0&#8243; _module_preset=&#8221;default&#8221; global_colors_info=&#8221;{}&#8221;][\/et_pb_image][\/et_pb_column][et_pb_column type=&#8221;3_5&#8243; _builder_version=&#8221;4.21.0&#8243; _module_preset=&#8221;default&#8221; global_colors_info=&#8221;{}&#8221;][et_pb_image src=&#8221;https:\/\/familleslussier.com\/wp-content\/uploads\/2023\/06\/conseil-d-administration.jpg&#8221; title_text=&#8221;Board of Directors&#8221; _builder_version=&#8221;4.21.0&#8243; _module_preset=&#8221;default&#8221; global_colors_info=&#8221;{}&#8221;]<\/p>\n<h2>Chairman:<\/h2>\n<h3>Marcel Lussier<\/h3>\n<h3>Conrad Lussier<\/h3>\n<p><em>Vice-Chairman<\/em><\/p>\n<h3>H\u00e9lene Lussier<\/h3>\n<p><em>Treasurer<\/em><\/p>\n<h3>Jos\u00e9e T\u00e9treault<\/h3>\n<p><em>Secretary<\/em><\/p>\n<h3>C\u00e9line Ravenelle<\/h3>\n<p><em>Director<\/em><\/p>\n<h3>Alain Jodoin<\/h3>\n<p><em>Director<\/em><\/p>\n<h3>Denise Lussier<\/h3>\n<p><em>Director<\/em><\/p>\n<p>[\/et_pb_image][et_pb_text _builder_version=&#8221;4.21.0&#8243; _module_preset=&#8221;default&#8221; global_colors_info=&#8221;{}&#8221;]<\/p>\n<p>From left to right: H\u00e9l\u00e8ne Lussier, Conrad Lussier, Alain Jodoin, Denise Lussier, Marcel Lussier, Jos\u00e9e T\u00e9treault and C\u00e9line Ravenelle.<\/p>\n<p>[\/et_pb_text][\/et_pb_column][\/et_pb_row][\/et_pb_section]<\/p>\n","protected":false},"excerpt":{"rendered":"<p>Board of DirectorsMarcel Lussier Chairman Conrad Lussier Vice President H\u00e9l\u00e8ne Lussier Treasurer Jos\u00e9e T\u00e9treault Secretary Alain Jodoin Director C\u00e9line Ravenelle Director Pierre Lucier DirectorChairmanship: Marcel Lussier Vice-Chairman: Conrad Lussier Treasury : H\u00e9lene Lussier Secretariat : Jos\u00e9e T\u00e9treault Administrators : Alain JodoinC\u00e9line RavenelleDenise LussierChairman: Marcel Lussier Conrad Lussier Vice-Chairman H\u00e9lene Lussier Treasurer Jos\u00e9e T\u00e9treault Secretary C\u00e9line [&hellip;]<\/p>\n","protected":false},"author":2,"featured_media":0,"parent":0,"menu_order":0,"comment_status":"closed","ping_status":"closed","template":"","meta":{"_et_pb_use_builder":"on","_et_pb_old_content":"","_et_gb_content_width":"","inline_featured_image":false,"om_disable_all_campaigns":false,"_monsterinsights_skip_tracking":false,"_monsterinsights_sitenote_active":false,"_monsterinsights_sitenote_note":"","_monsterinsights_sitenote_category":0,"footnotes":""},"class_list":["post-2919","page","type-page","status-publish","hentry"],"aioseo_notices":[],"_links":{"self":[{"href":"https:\/\/familleslussier.com\/en\/wp-json\/wp\/v2\/pages\/2919","targetHints":{"allow":["GET"]}}],"collection":[{"href":"https:\/\/familleslussier.com\/en\/wp-json\/wp\/v2\/pages"}],"about":[{"href":"https:\/\/familleslussier.com\/en\/wp-json\/wp\/v2\/types\/page"}],"author":[{"embeddable":true,"href":"https:\/\/familleslussier.com\/en\/wp-json\/wp\/v2\/users\/2"}],"replies":[{"embeddable":true,"href":"https:\/\/familleslussier.com\/en\/wp-json\/wp\/v2\/comments?post=2919"}],"version-history":[{"count":3,"href":"https:\/\/familleslussier.com\/en\/wp-json\/wp\/v2\/pages\/2919\/revisions"}],"predecessor-version":[{"id":5540,"href":"https:\/\/familleslussier.com\/en\/wp-json\/wp\/v2\/pages\/2919\/revisions\/5540"}],"wp:attachment":[{"href":"https:\/\/familleslussier.com\/en\/wp-json\/wp\/v2\/media?parent=2919"}],"curies":[{"name":"wp","href":"https:\/\/api.w.org\/{rel}","templated":true}]}}